{"id":49,"date":"2025-06-11T16:24:50","date_gmt":"2025-06-11T16:24:50","guid":{"rendered":"https:\/\/gruascostabrava.com\/index.php\/wattson-sparks-projects\/"},"modified":"2025-11-25T21:15:12","modified_gmt":"2025-11-25T21:15:12","slug":"zonas-cobertura","status":"publish","type":"page","link":"https:\/\/gruascostabrava.com\/index.php\/zonas-cobertura\/","title":{"rendered":"Zonas de cobertura"},"content":{"rendered":"\t\t<div data-elementor-type=\"wp-page\" data-elementor-id=\"49\" class=\"elementor elementor-49\">\n\t\t\t\t\t\t<section class=\"elementor-section elementor-top-section elementor-element elementor-element-637989c elementor-section-boxed elementor-section-height-default elementor-section-height-default\" data-id=\"637989c\" data-element_type=\"section\" data-e-type=\"section\">\n\t\t\t\t\t\t<div class=\"elementor-container elementor-column-gap-default\">\n\t\t\t\t\t<div class=\"elementor-column elementor-col-100 elementor-top-column elementor-element elementor-element-c576e0e\" data-id=\"c576e0e\" data-element_type=\"column\" data-e-type=\"column\">\n\t\t\t<div class=\"elementor-widget-wrap elementor-element-populated\">\n\t\t\t\t\t\t<div class=\"elementor-element elementor-element-aa2f0f4 elementor-widget elementor-widget-heading\" data-id=\"aa2f0f4\" data-element_type=\"widget\" data-e-type=\"widget\" data-widget_type=\"heading.default\">\n\t\t\t\t<div class=\"elementor-widget-container\">\n\t\t\t\t\t<h1 class=\"elementor-heading-title elementor-size-default\">Cobertura en toda Catalu\u00f1a \u2013 Gr\u00faas Costa Brava<\/h1>\t\t\t\t<\/div>\n\t\t\t\t<\/div>\n\t\t\t\t<div class=\"elementor-element elementor-element-4eb7112 elementor-widget elementor-widget-heading\" data-id=\"4eb7112\" data-element_type=\"widget\" data-e-type=\"widget\" data-widget_type=\"heading.default\">\n\t\t\t\t<div class=\"elementor-widget-container\">\n\t\t\t\t\t<h2 class=\"elementor-heading-title elementor-size-default\">En Gr\u00faas Costa Brava operamos en toda Catalu\u00f1a, con especial presencia en las zonas clave donde ofrecemos una asistencia r\u00e1pida, eficaz y profesional. Contamos con una red de gr\u00faas activas 24H para garantizar tu seguridad y movilidad en cualquier momento.<\/h2>\t\t\t\t<\/div>\n\t\t\t\t<\/div>\n\t\t\t\t\t<\/div>\n\t\t<\/div>\n\t\t\t\t\t<\/div>\n\t\t<\/section>\n\t\t\t\t<section class=\"elementor-section elementor-top-section elementor-element elementor-element-7d5571b elementor-section-boxed elementor-section-height-default elementor-section-height-default\" data-id=\"7d5571b\" data-element_type=\"section\" data-e-type=\"section\">\n\t\t\t\t\t\t<div class=\"elementor-container elementor-column-gap-default\">\n\t\t\t\t\t<div class=\"elementor-column elementor-col-100 elementor-top-column elementor-element elementor-element-c09a0dc\" data-id=\"c09a0dc\" data-element_type=\"column\" data-e-type=\"column\">\n\t\t\t<div class=\"elementor-widget-wrap elementor-element-populated\">\n\t\t\t\t\t\t<div class=\"elementor-element elementor-element-5c3ad17 elementor-widget elementor-widget-heading\" data-id=\"5c3ad17\" data-element_type=\"widget\" data-e-type=\"widget\" data-widget_type=\"heading.default\">\n\t\t\t\t<div class=\"elementor-widget-container\">\n\t\t\t\t\t<h1 class=\"elementor-heading-title elementor-size-default\">ZONAS<\/h1>\t\t\t\t<\/div>\n\t\t\t\t<\/div>\n\t\t<div class=\"elementor-element elementor-element-c42ad06 e-grid e-con-boxed e-con e-parent\" data-id=\"c42ad06\" data-element_type=\"container\" data-e-type=\"container\">\n\t\t\t\t\t<div class=\"e-con-inner\">\n\t\t<div class=\"elementor-element elementor-element-d6174e8 e-con-full e-flex e-con e-child\" data-id=\"d6174e8\" data-element_type=\"container\" data-e-type=\"container\">\n\t\t\t\t<div class=\"elementor-element elementor-element-9202a30 elementor-widget elementor-widget-heading\" data-id=\"9202a30\" data-element_type=\"widget\" data-e-type=\"widget\" data-widget_type=\"heading.default\">\n\t\t\t\t<div class=\"elementor-widget-container\">\n\t\t\t\t\t<h2 class=\"elementor-heading-title elementor-size-default\">GIRONA:<\/h2>\t\t\t\t<\/div>\n\t\t\t\t<\/div>\n\t\t\t\t<div class=\"elementor-element elementor-element-3d7c653 elementor-widget elementor-widget-text-editor\" data-id=\"3d7c653\" data-element_type=\"widget\" data-e-type=\"widget\" data-widget_type=\"text-editor.default\">\n\t\t\t\t<div class=\"elementor-widget-container\">\n\t\t\t\t\t\t\t\t\t<ul><li data-start=\"901\" data-end=\"918\"><p data-start=\"903\" data-end=\"918\">Girona ciudad<\/p><\/li><li data-start=\"919\" data-end=\"931\"><p data-start=\"921\" data-end=\"931\">Figueres<\/p><\/li><li data-start=\"932\" data-end=\"948\"><p data-start=\"934\" data-end=\"948\">Empuriabrava<\/p><\/li><li data-start=\"949\" data-end=\"958\"><p data-start=\"951\" data-end=\"958\">Roses<\/p><\/li><li data-start=\"959\" data-end=\"970\"><p data-start=\"961\" data-end=\"970\">Palam\u00f3s<\/p><\/li><li data-start=\"971\" data-end=\"981\"><p data-start=\"973\" data-end=\"981\">Blanes<\/p><\/li><li data-start=\"982\" data-end=\"999\"><p data-start=\"984\" data-end=\"999\">Lloret de Mar<\/p><\/li><li data-start=\"1000\" data-end=\"1025\"><p data-start=\"1002\" data-end=\"1025\">Sant Feliu de Gu\u00edxols<\/p><\/li><li data-start=\"1000\" data-end=\"1025\">Platja d&#8217;Aro<\/li><\/ul><p>\u00a0<\/p>\t\t\t\t\t\t\t\t<\/div>\n\t\t\t\t<\/div>\n\t\t\t\t<\/div>\n\t\t<div class=\"elementor-element elementor-element-8a74385 e-con-full e-flex e-con e-child\" data-id=\"8a74385\" data-element_type=\"container\" data-e-type=\"container\">\n\t\t\t\t<div class=\"elementor-element elementor-element-ee02164 elementor-widget elementor-widget-heading\" data-id=\"ee02164\" data-element_type=\"widget\" data-e-type=\"widget\" data-widget_type=\"heading.default\">\n\t\t\t\t<div class=\"elementor-widget-container\">\n\t\t\t\t\t<h2 class=\"elementor-heading-title elementor-size-default\">BARCELONA:<\/h2>\t\t\t\t<\/div>\n\t\t\t\t<\/div>\n\t\t\t\t<div class=\"elementor-element elementor-element-aec23ae elementor-widget elementor-widget-text-editor\" data-id=\"aec23ae\" data-element_type=\"widget\" data-e-type=\"widget\" data-widget_type=\"text-editor.default\">\n\t\t\t\t<div class=\"elementor-widget-container\">\n\t\t\t\t\t\t\t\t\t<ul><li data-start=\"1051\" data-end=\"1071\"><p data-start=\"1053\" data-end=\"1071\">Barcelona ciudad<\/p><\/li><li data-start=\"1072\" data-end=\"1099\"><p data-start=\"1074\" data-end=\"1099\">Hospitalet de Llobregat<\/p><\/li><li data-start=\"1100\" data-end=\"1112\"><p data-start=\"1102\" data-end=\"1112\">Badalona<\/p><\/li><li data-start=\"1113\" data-end=\"1127\"><p data-start=\"1115\" data-end=\"1127\">Granollers<\/p><\/li><li data-start=\"1128\" data-end=\"1138\"><p data-start=\"1130\" data-end=\"1138\">Matar\u00f3<\/p><\/li><li data-start=\"1139\" data-end=\"1151\"><p data-start=\"1141\" data-end=\"1151\">Sabadell<\/p><\/li><li data-start=\"1152\" data-end=\"1164\"><p data-start=\"1154\" data-end=\"1164\">Terrassa<\/p><\/li><li data-start=\"1152\" data-end=\"1164\">Tossa de Mar<\/li><\/ul>\t\t\t\t\t\t\t\t<\/div>\n\t\t\t\t<\/div>\n\t\t\t\t<\/div>\n\t\t<div class=\"elementor-element elementor-element-7fd4647 e-con-full e-flex e-con e-child\" data-id=\"7fd4647\" data-element_type=\"container\" data-e-type=\"container\">\n\t\t\t\t<div class=\"elementor-element elementor-element-09ba6f2 elementor-widget elementor-widget-heading\" data-id=\"09ba6f2\" data-element_type=\"widget\" data-e-type=\"widget\" data-widget_type=\"heading.default\">\n\t\t\t\t<div class=\"elementor-widget-container\">\n\t\t\t\t\t<h2 class=\"elementor-heading-title elementor-size-default\">LLEIDA:<\/h2>\t\t\t\t<\/div>\n\t\t\t\t<\/div>\n\t\t\t\t<div class=\"elementor-element elementor-element-44de3db elementor-widget elementor-widget-text-editor\" data-id=\"44de3db\" data-element_type=\"widget\" data-e-type=\"widget\" data-widget_type=\"text-editor.default\">\n\t\t\t\t<div class=\"elementor-widget-container\">\n\t\t\t\t\t\t\t\t\t<ul data-start=\"1187\" data-end=\"1241\"><li data-start=\"1187\" data-end=\"1204\"><p data-start=\"1189\" data-end=\"1204\">Lleida ciudad<\/p><\/li><li data-start=\"1205\" data-end=\"1216\"><p data-start=\"1207\" data-end=\"1216\">T\u00e0rrega<\/p><\/li><li data-start=\"1217\" data-end=\"1229\"><p data-start=\"1219\" data-end=\"1229\">Balaguer<\/p><\/li><li data-start=\"1230\" data-end=\"1241\"><p data-start=\"1232\" data-end=\"1241\">Cervera<\/p><\/li><\/ul>\t\t\t\t\t\t\t\t<\/div>\n\t\t\t\t<\/div>\n\t\t\t\t<\/div>\n\t\t<div class=\"elementor-element elementor-element-3c3ce8f e-con-full e-flex e-con e-child\" data-id=\"3c3ce8f\" data-element_type=\"container\" data-e-type=\"container\">\n\t\t\t\t<div class=\"elementor-element elementor-element-9221b78 elementor-widget elementor-widget-heading\" data-id=\"9221b78\" data-element_type=\"widget\" data-e-type=\"widget\" data-widget_type=\"heading.default\">\n\t\t\t\t<div class=\"elementor-widget-container\">\n\t\t\t\t\t<h2 class=\"elementor-heading-title elementor-size-default\">TARRAGONA:<\/h2>\t\t\t\t<\/div>\n\t\t\t\t<\/div>\n\t\t\t\t<div class=\"elementor-element elementor-element-d798d17 elementor-widget elementor-widget-text-editor\" data-id=\"d798d17\" data-element_type=\"widget\" data-e-type=\"widget\" data-widget_type=\"text-editor.default\">\n\t\t\t\t<div class=\"elementor-widget-container\">\n\t\t\t\t\t\t\t\t\t<ul><li data-start=\"1267\" data-end=\"1280\"><p data-start=\"1269\" data-end=\"1280\">Tarragona<\/p><\/li><li data-start=\"1281\" data-end=\"1289\"><p data-start=\"1283\" data-end=\"1289\">Reus<\/p><\/li><li data-start=\"1290\" data-end=\"1302\"><p data-start=\"1292\" data-end=\"1302\">Cambrils<\/p><\/li><li data-start=\"1303\" data-end=\"1312\"><p data-start=\"1305\" data-end=\"1312\">Salou<\/p><\/li><li data-start=\"1313\" data-end=\"1322\"><p data-start=\"1315\" data-end=\"1322\">Valls<\/p><\/li><\/ul>\t\t\t\t\t\t\t\t<\/div>\n\t\t\t\t<\/div>\n\t\t\t\t<\/div>\n\t\t\t\t\t<\/div>\n\t\t\t\t<\/div>\n\t\t\t\t\t<\/div>\n\t\t<\/div>\n\t\t\t\t\t<\/div>\n\t\t<\/section>\n\t\t\t\t<section class=\"elementor-section elementor-top-section elementor-element elementor-element-acd1449 elementor-section-boxed elementor-section-height-default elementor-section-height-default\" data-id=\"acd1449\" data-element_type=\"section\" data-e-type=\"section\">\n\t\t\t\t\t\t<div class=\"elementor-container elementor-column-gap-default\">\n\t\t\t\t\t<div class=\"elementor-column elementor-col-100 elementor-top-column elementor-element elementor-element-ac49588\" data-id=\"ac49588\" data-element_type=\"column\" data-e-type=\"column\">\n\t\t\t<div class=\"elementor-widget-wrap elementor-element-populated\">\n\t\t\t\t\t\t<div class=\"elementor-element elementor-element-719c73d elementor-widget elementor-widget-heading\" data-id=\"719c73d\" data-element_type=\"widget\" data-e-type=\"widget\" data-widget_type=\"heading.default\">\n\t\t\t\t<div class=\"elementor-widget-container\">\n\t\t\t\t\t<h1 class=\"elementor-heading-title elementor-size-default\">MAPA<\/h1>\t\t\t\t<\/div>\n\t\t\t\t<\/div>\n\t\t\t\t<div class=\"elementor-element elementor-element-5ce8110 elementor-widget elementor-widget-google_maps\" data-id=\"5ce8110\" data-element_type=\"widget\" data-e-type=\"widget\" data-widget_type=\"google_maps.default\">\n\t\t\t\t<div class=\"elementor-widget-container\">\n\t\t\t\t\t\t\t<div class=\"elementor-custom-embed\">\n\t\t\t<iframe loading=\"lazy\"\n\t\t\t\t\tsrc=\"https:\/\/maps.google.com\/maps?q=London%20Eye%2C%20Londres%2C%20Reino%20Unido&#038;t=m&#038;z=10&#038;output=embed&#038;iwloc=near\"\n\t\t\t\t\ttitle=\"London Eye, Londres, Reino Unido\"\n\t\t\t\t\taria-label=\"London Eye, Londres, Reino Unido\"\n\t\t\t><\/iframe>\n\t\t<\/div>\n\t\t\t\t\t\t<\/div>\n\t\t\t\t<\/div>\n\t\t\t\t\t<\/div>\n\t\t<\/div>\n\t\t\t\t\t<\/div>\n\t\t<\/section>\n\t\t\t\t<section class=\"elementor-section elementor-top-section elementor-element elementor-element-a48c882 elementor-section-full_width elementor-section-height-default elementor-section-height-default\" data-id=\"a48c882\" data-element_type=\"section\" data-e-type=\"section\" data-settings=\"{&quot;background_background&quot;:&quot;classic&quot;}\">\n\t\t\t\t\t\t<div class=\"elementor-container elementor-column-gap-default\">\n\t\t\t\t\t<div class=\"elementor-column elementor-col-100 elementor-top-column elementor-element elementor-element-8ff736d\" data-id=\"8ff736d\" data-element_type=\"column\" data-e-type=\"column\">\n\t\t\t<div class=\"elementor-widget-wrap elementor-element-populated\">\n\t\t\t\t\t\t<section class=\"elementor-section elementor-inner-section elementor-element elementor-element-fc69f75 elementor-section-boxed elementor-section-height-default elementor-section-height-default\" data-id=\"fc69f75\" data-element_type=\"section\" data-e-type=\"section\">\n\t\t\t\t\t\t<div class=\"elementor-container elementor-column-gap-default\">\n\t\t\t\t\t<div class=\"elementor-column elementor-col-100 elementor-inner-column elementor-element elementor-element-0b60086\" data-id=\"0b60086\" data-element_type=\"column\" data-e-type=\"column\">\n\t\t\t<div class=\"elementor-widget-wrap elementor-element-populated\">\n\t\t\t\t\t\t<div class=\"elementor-element elementor-element-405e30b elementor-widget elementor-widget-heading\" data-id=\"405e30b\" data-element_type=\"widget\" data-e-type=\"widget\" data-widget_type=\"heading.default\">\n\t\t\t\t<div class=\"elementor-widget-container\">\n\t\t\t\t\t<h2 class=\"elementor-heading-title elementor-size-default\">\u00bfNecesitas una gr\u00faa ahora mismo?<\/h2>\t\t\t\t<\/div>\n\t\t\t\t<\/div>\n\t\t\t\t\t<\/div>\n\t\t<\/div>\n\t\t\t\t\t<\/div>\n\t\t<\/section>\n\t\t\t\t<section class=\"elementor-section elementor-inner-section elementor-element elementor-element-79cd618 elementor-section-boxed elementor-section-height-default elementor-section-height-default\" data-id=\"79cd618\" data-element_type=\"section\" data-e-type=\"section\">\n\t\t\t\t\t\t<div class=\"elementor-container elementor-column-gap-default\">\n\t\t\t\t\t<div class=\"elementor-column elementor-col-100 elementor-inner-column elementor-element elementor-element-e5a8824\" data-id=\"e5a8824\" data-element_type=\"column\" data-e-type=\"column\">\n\t\t\t<div class=\"elementor-widget-wrap elementor-element-populated\">\n\t\t\t\t\t\t<div class=\"elementor-element elementor-element-abdbc3d elementor-align-center elementor-widget elementor-widget-button\" data-id=\"abdbc3d\" data-element_type=\"widget\" data-e-type=\"widget\" data-widget_type=\"button.default\">\n\t\t\t\t<div class=\"elementor-widget-container\">\n\t\t\t\t\t\t\t\t\t<div class=\"elementor-button-wrapper\">\n\t\t\t\t\t<a class=\"elementor-button elementor-button-link elementor-size-sm\" href=\"tel:+34663395969\">\n\t\t\t\t\t\t<span class=\"elementor-button-content-wrapper\">\n\t\t\t\t\t\t\t\t\t<span class=\"elementor-button-text\">LL\u00c1MANOS AHORA<\/span>\n\t\t\t\t\t<\/span>\n\t\t\t\t\t<\/a>\n\t\t\t\t<\/div>\n\t\t\t\t\t\t\t\t<\/div>\n\t\t\t\t<\/div>\n\t\t\t\t<div class=\"elementor-element elementor-element-edd1e24 elementor-align-center elementor-widget elementor-widget-button\" data-id=\"edd1e24\" data-element_type=\"widget\" data-e-type=\"widget\" data-widget_type=\"button.default\">\n\t\t\t\t<div class=\"elementor-widget-container\">\n\t\t\t\t\t\t\t\t\t<div class=\"elementor-button-wrapper\">\n\t\t\t\t\t<a class=\"elementor-button elementor-button-link elementor-size-sm\" href=\"https:\/\/wa.me\/34663395969\">\n\t\t\t\t\t\t<span class=\"elementor-button-content-wrapper\">\n\t\t\t\t\t\t\t\t\t<span class=\"elementor-button-text\">WHATSAPP DIRECTO<\/span>\n\t\t\t\t\t<\/span>\n\t\t\t\t\t<\/a>\n\t\t\t\t<\/div>\n\t\t\t\t\t\t\t\t<\/div>\n\t\t\t\t<\/div>\n\t\t\t\t\t<\/div>\n\t\t<\/div>\n\t\t\t\t\t<\/div>\n\t\t<\/section>\n\t\t\t\t\t<\/div>\n\t\t<\/div>\n\t\t\t\t\t<\/div>\n\t\t<\/section>\n\t\t\t\t<\/div>\n\t\t","protected":false},"excerpt":{"rendered":"<p>Cobertura en toda Catalu\u00f1a \u2013 Gr\u00faas Costa Brava En Gr\u00faas Costa Brava operamos en toda Catalu\u00f1a, con especial presencia en las zonas clave donde ofrecemos una asistencia r\u00e1pida, eficaz y profesional. Contamos con una red de gr\u00faas activas 24H para garantizar tu seguridad y movilidad en cualquier momento. ZONAS GIRONA: Girona ciudad Figueres Empuriabrava Roses [&hellip;]<\/p>\n","protected":false},"author":1,"featured_media":0,"parent":0,"menu_order":0,"comment_status":"closed","ping_status":"closed","template":"elementor_header_footer","meta":{"_eb_attr":"","footnotes":""},"class_list":["post-49","page","type-page","status-publish","hentry"],"yoast_head":"<!-- This site is optimized with the Yoast SEO plugin v27.4 - https:\/\/yoast.com\/product\/yoast-seo-wordpress\/ -->\n<title>Zonas de Asistencia en Catalu\u00f1a | Gr\u00faas Costa Brava<\/title>\n<meta name=\"description\" content=\"Ofrecemos asistencia en carretera en Girona, Figueres, Barcelona, Tarragona, Lleida y m\u00e1s. Servicio 24H en toda Catalu\u00f1a.\" \/>\n<meta name=\"robots\" content=\"index, follow, max-snippet:-1, max-image-preview:large, max-video-preview:-1\" \/>\n<link rel=\"canonical\" href=\"https:\/\/gruascostabrava.com\/index.php\/zonas-cobertura\/\" \/>\n<meta property=\"og:locale\" content=\"es_ES\" \/>\n<meta property=\"og:type\" content=\"article\" \/>\n<meta property=\"og:title\" content=\"Zonas de Asistencia en Catalu\u00f1a | Gr\u00faas Costa Brava\" \/>\n<meta property=\"og:description\" content=\"Ofrecemos asistencia en carretera en Girona, Figueres, Barcelona, Tarragona, Lleida y m\u00e1s. Servicio 24H en toda Catalu\u00f1a.\" \/>\n<meta property=\"og:url\" content=\"https:\/\/gruascostabrava.com\/index.php\/zonas-cobertura\/\" \/>\n<meta property=\"og:site_name\" content=\"Gr\u00faas Costa Brava\" \/>\n<meta property=\"article:modified_time\" content=\"2025-11-25T21:15:12+00:00\" \/>\n<meta name=\"twitter:card\" content=\"summary_large_image\" \/>\n<meta name=\"twitter:label1\" content=\"Tiempo de lectura\" \/>\n\t<meta name=\"twitter:data1\" content=\"1 minuto\" \/>\n<script type=\"application\/ld+json\" class=\"yoast-schema-graph\">{\"@context\":\"https:\\\/\\\/schema.org\",\"@graph\":[{\"@type\":\"WebPage\",\"@id\":\"https:\\\/\\\/gruascostabrava.com\\\/index.php\\\/zonas-cobertura\\\/\",\"url\":\"https:\\\/\\\/gruascostabrava.com\\\/index.php\\\/zonas-cobertura\\\/\",\"name\":\"Zonas de Asistencia en Catalu\u00f1a | Gr\u00faas Costa Brava\",\"isPartOf\":{\"@id\":\"https:\\\/\\\/gruascostabrava.com\\\/#website\"},\"datePublished\":\"2025-06-11T16:24:50+00:00\",\"dateModified\":\"2025-11-25T21:15:12+00:00\",\"description\":\"Ofrecemos asistencia en carretera en Girona, Figueres, Barcelona, Tarragona, Lleida y m\u00e1s. Servicio 24H en toda Catalu\u00f1a.\",\"breadcrumb\":{\"@id\":\"https:\\\/\\\/gruascostabrava.com\\\/index.php\\\/zonas-cobertura\\\/#breadcrumb\"},\"inLanguage\":\"es\",\"potentialAction\":[{\"@type\":\"ReadAction\",\"target\":[\"https:\\\/\\\/gruascostabrava.com\\\/index.php\\\/zonas-cobertura\\\/\"]}]},{\"@type\":\"BreadcrumbList\",\"@id\":\"https:\\\/\\\/gruascostabrava.com\\\/index.php\\\/zonas-cobertura\\\/#breadcrumb\",\"itemListElement\":[{\"@type\":\"ListItem\",\"position\":1,\"name\":\"Portada\",\"item\":\"https:\\\/\\\/gruascostabrava.com\\\/\"},{\"@type\":\"ListItem\",\"position\":2,\"name\":\"Zonas de cobertura\"}]},{\"@type\":\"WebSite\",\"@id\":\"https:\\\/\\\/gruascostabrava.com\\\/#website\",\"url\":\"https:\\\/\\\/gruascostabrava.com\\\/\",\"name\":\"Gr\u00faas Costa Brava\",\"description\":\"Asistencia en carretera 24\\\/7 en toda Catalu\u00f1a. R\u00e1pidos, eficaces y siempre disponibles cuando m\u00e1s nos necesitas.\",\"publisher\":{\"@id\":\"https:\\\/\\\/gruascostabrava.com\\\/#organization\"},\"potentialAction\":[{\"@type\":\"SearchAction\",\"target\":{\"@type\":\"EntryPoint\",\"urlTemplate\":\"https:\\\/\\\/gruascostabrava.com\\\/?s={search_term_string}\"},\"query-input\":{\"@type\":\"PropertyValueSpecification\",\"valueRequired\":true,\"valueName\":\"search_term_string\"}}],\"inLanguage\":\"es\"},{\"@type\":\"Organization\",\"@id\":\"https:\\\/\\\/gruascostabrava.com\\\/#organization\",\"name\":\"Gr\u00faas Costa Brava\",\"url\":\"https:\\\/\\\/gruascostabrava.com\\\/\",\"logo\":{\"@type\":\"ImageObject\",\"inLanguage\":\"es\",\"@id\":\"https:\\\/\\\/gruascostabrava.com\\\/#\\\/schema\\\/logo\\\/image\\\/\",\"url\":\"https:\\\/\\\/gruascostabrava.com\\\/wp-content\\\/uploads\\\/2025\\\/06\\\/LOGO-GRUAS-COSTA-BRAVA-3.png\",\"contentUrl\":\"https:\\\/\\\/gruascostabrava.com\\\/wp-content\\\/uploads\\\/2025\\\/06\\\/LOGO-GRUAS-COSTA-BRAVA-3.png\",\"width\":500,\"height\":500,\"caption\":\"Gr\u00faas Costa Brava\"},\"image\":{\"@id\":\"https:\\\/\\\/gruascostabrava.com\\\/#\\\/schema\\\/logo\\\/image\\\/\"}}]}<\/script>\n<!-- \/ Yoast SEO plugin. -->","yoast_head_json":{"title":"Zonas de Asistencia en Catalu\u00f1a | Gr\u00faas Costa Brava","description":"Ofrecemos asistencia en carretera en Girona, Figueres, Barcelona, Tarragona, Lleida y m\u00e1s. Servicio 24H en toda Catalu\u00f1a.","robots":{"index":"index","follow":"follow","max-snippet":"max-snippet:-1","max-image-preview":"max-image-preview:large","max-video-preview":"max-video-preview:-1"},"canonical":"https:\/\/gruascostabrava.com\/index.php\/zonas-cobertura\/","og_locale":"es_ES","og_type":"article","og_title":"Zonas de Asistencia en Catalu\u00f1a | Gr\u00faas Costa Brava","og_description":"Ofrecemos asistencia en carretera en Girona, Figueres, Barcelona, Tarragona, Lleida y m\u00e1s. Servicio 24H en toda Catalu\u00f1a.","og_url":"https:\/\/gruascostabrava.com\/index.php\/zonas-cobertura\/","og_site_name":"Gr\u00faas Costa Brava","article_modified_time":"2025-11-25T21:15:12+00:00","twitter_card":"summary_large_image","twitter_misc":{"Tiempo de lectura":"1 minuto"},"schema":{"@context":"https:\/\/schema.org","@graph":[{"@type":"WebPage","@id":"https:\/\/gruascostabrava.com\/index.php\/zonas-cobertura\/","url":"https:\/\/gruascostabrava.com\/index.php\/zonas-cobertura\/","name":"Zonas de Asistencia en Catalu\u00f1a | Gr\u00faas Costa Brava","isPartOf":{"@id":"https:\/\/gruascostabrava.com\/#website"},"datePublished":"2025-06-11T16:24:50+00:00","dateModified":"2025-11-25T21:15:12+00:00","description":"Ofrecemos asistencia en carretera en Girona, Figueres, Barcelona, Tarragona, Lleida y m\u00e1s. Servicio 24H en toda Catalu\u00f1a.","breadcrumb":{"@id":"https:\/\/gruascostabrava.com\/index.php\/zonas-cobertura\/#breadcrumb"},"inLanguage":"es","potentialAction":[{"@type":"ReadAction","target":["https:\/\/gruascostabrava.com\/index.php\/zonas-cobertura\/"]}]},{"@type":"BreadcrumbList","@id":"https:\/\/gruascostabrava.com\/index.php\/zonas-cobertura\/#breadcrumb","itemListElement":[{"@type":"ListItem","position":1,"name":"Portada","item":"https:\/\/gruascostabrava.com\/"},{"@type":"ListItem","position":2,"name":"Zonas de cobertura"}]},{"@type":"WebSite","@id":"https:\/\/gruascostabrava.com\/#website","url":"https:\/\/gruascostabrava.com\/","name":"Gr\u00faas Costa Brava","description":"Asistencia en carretera 24\/7 en toda Catalu\u00f1a. R\u00e1pidos, eficaces y siempre disponibles cuando m\u00e1s nos necesitas.","publisher":{"@id":"https:\/\/gruascostabrava.com\/#organization"},"potentialAction":[{"@type":"SearchAction","target":{"@type":"EntryPoint","urlTemplate":"https:\/\/gruascostabrava.com\/?s={search_term_string}"},"query-input":{"@type":"PropertyValueSpecification","valueRequired":true,"valueName":"search_term_string"}}],"inLanguage":"es"},{"@type":"Organization","@id":"https:\/\/gruascostabrava.com\/#organization","name":"Gr\u00faas Costa Brava","url":"https:\/\/gruascostabrava.com\/","logo":{"@type":"ImageObject","inLanguage":"es","@id":"https:\/\/gruascostabrava.com\/#\/schema\/logo\/image\/","url":"https:\/\/gruascostabrava.com\/wp-content\/uploads\/2025\/06\/LOGO-GRUAS-COSTA-BRAVA-3.png","contentUrl":"https:\/\/gruascostabrava.com\/wp-content\/uploads\/2025\/06\/LOGO-GRUAS-COSTA-BRAVA-3.png","width":500,"height":500,"caption":"Gr\u00faas Costa Brava"},"image":{"@id":"https:\/\/gruascostabrava.com\/#\/schema\/logo\/image\/"}}]}},"_links":{"self":[{"href":"https:\/\/gruascostabrava.com\/index.php\/wp-json\/wp\/v2\/pages\/49","targetHints":{"allow":["GET"]}}],"collection":[{"href":"https:\/\/gruascostabrava.com\/index.php\/wp-json\/wp\/v2\/pages"}],"about":[{"href":"https:\/\/gruascostabrava.com\/index.php\/wp-json\/wp\/v2\/types\/page"}],"author":[{"embeddable":true,"href":"https:\/\/gruascostabrava.com\/index.php\/wp-json\/wp\/v2\/users\/1"}],"replies":[{"embeddable":true,"href":"https:\/\/gruascostabrava.com\/index.php\/wp-json\/wp\/v2\/comments?post=49"}],"version-history":[{"count":22,"href":"https:\/\/gruascostabrava.com\/index.php\/wp-json\/wp\/v2\/pages\/49\/revisions"}],"predecessor-version":[{"id":299,"href":"https:\/\/gruascostabrava.com\/index.php\/wp-json\/wp\/v2\/pages\/49\/revisions\/299"}],"wp:attachment":[{"href":"https:\/\/gruascostabrava.com\/index.php\/wp-json\/wp\/v2\/media?parent=49"}],"curies":[{"name":"wp","href":"https:\/\/api.w.org\/{rel}","templated":true}]}}